{"id":677,"date":"2025-12-25T08:06:42","date_gmt":"2025-12-25T08:06:42","guid":{"rendered":"https:\/\/kaithsrebels.com\/?page_id=677"},"modified":"2026-03-06T05:56:35","modified_gmt":"2026-03-06T05:56:35","slug":"radios","status":"publish","type":"page","link":"https:\/\/kaithsrebels.com\/en\/radios\/","title":{"rendered":"Radios"},"content":{"rendered":"<div data-elementor-type=\"wp-page\" data-elementor-id=\"677\" class=\"elementor elementor-677\" data-elementor-post-type=\"page\">\n\t\t\t\t<div class=\"elementor-element elementor-element-d246708 e-flex e-con-boxed e-con e-parent\" data-id=\"d246708\" data-element_type=\"container\" data-e-type=\"container\" data-settings=\"{&quot;_ob_use_container_extras&quot;:&quot;no&quot;,&quot;_ob_column_hoveranimator&quot;:&quot;no&quot;,&quot;_ob_glider_is_slider&quot;:&quot;no&quot;,&quot;_ob_column_has_pseudo&quot;:&quot;no&quot;}\">\n\t\t\t\t\t<div class=\"e-con-inner\">\n\t\t\t\t<div class=\"elementor-element elementor-element-c09cc83 ob-harakiri-inherit ob-has-background-overlay elementor-widget elementor-widget-text-editor\" data-id=\"c09cc83\" data-element_type=\"widget\" data-e-type=\"widget\" data-settings=\"{&quot;_ob_use_harakiri&quot;:&quot;yes&quot;,&quot;_ob_harakiri_writing_mode&quot;:&quot;inherit&quot;,&quot;_ob_postman_use&quot;:&quot;no&quot;,&quot;_ob_perspektive_use&quot;:&quot;no&quot;,&quot;_ob_poopart_use&quot;:&quot;yes&quot;,&quot;_ob_shadough_use&quot;:&quot;no&quot;,&quot;_ob_allow_hoveranimator&quot;:&quot;no&quot;,&quot;_ob_widget_stalker_use&quot;:&quot;no&quot;}\" data-widget_type=\"text-editor.default\">\n\t\t\t\t\t\t\t\t\t<p>En <strong>Kaith\u2019s Rebels<\/strong> no nos limitamos a escuchar; construimos nuestro propio sonido. Las <strong>REBELS Playlists<\/strong>\u00a0son radios abiertas en Spotify creadas por y para los miembros de la crew.<\/p><h3>\u00a0<\/h3><h3>1. \ud83d\udd25 Encuentra tu energ\u00eda\u00a0<\/h3><p>Cada playlist est\u00e1 dise\u00f1ada para un momento espec\u00edfico de nuestras actividades:<\/p><ul><li><strong>Acci\u00f3n y Combate:<\/strong>\u00a0<em>MASSACRE MODE<\/em> o <em>Racing &amp; Extreme Sports<\/em>.<\/li><li><strong>Creaci\u00f3n y Foco:<\/strong> <em>Coding Mode<\/em> o <em>Classical<\/em>.<\/li><li><strong>Vibe de la Crew:<\/strong> <em>Anime-Kpop<\/em>, <em>Horny Jail<\/em> o <em>Old All out 80s<\/em>.<\/li><\/ul><h3>\u00a0<\/h3><h3>2. \ud83c\udfa7 C\u00f3mo escuchar<\/h3><p>Todas las radios son <strong>p\u00fablicas<\/strong>. Solo tienes que entrar al enlace de Spotify, darle al play y dejar que fluya la esencia Rebel mientras juegas, editas o patrullas Los Santos.<\/p><h3>\u00a0<\/h3><h3>3. \ud83e\udd1d \u00a1Suma tu m\u00fasica! (Listas Colaborativas)<\/h3><p>Queremos que estas listas crezcan con los gustos de todos. Si tienes un tema que encaja perfectamente con la tem\u00e1tica de alguna radio, agr\u00e9galo t\u00fa mismo:<\/p><p>1. <strong>Sigue la playlist:<\/strong> Abre la lista en Spotify y dale al bot\u00f3n de <strong>&#8220;+&#8221;<\/strong> o <strong>&#8220;Seguir&#8221;<\/strong>.<br \/>2. <strong>Busca tu canci\u00f3n:<\/strong>\u00a0Ve al buscador o a tus temas favoritos.<br \/>3. <strong>A\u00f1ade a la lista:<\/strong> Selecciona &#8220;A\u00f1adir a playlist&#8221; y elige la radio de Kaith\u2019s Rebels correspondiente.<\/p><blockquote><h6><span style=\"color: #999999;\"><strong>Nota:<\/strong> Intenta mantener la coherencia de cada lista. Ay\u00fadanos a expandir nuestro repertorio manteniendo viva la identidad de la resistencia.<\/span><\/h6><\/blockquote>\t\t\t\t\t\t\t\t<\/div>\n\t\t\t\t\t<\/div>\n\t\t\t\t<\/div>\n\t\t<div class=\"elementor-element elementor-element-a564ca7 e-grid e-con-full e-con e-parent\" data-id=\"a564ca7\" data-element_type=\"container\" data-e-type=\"container\" data-settings=\"{&quot;_ob_column_hoveranimator&quot;:&quot;no&quot;,&quot;_ob_glider_is_slider&quot;:&quot;no&quot;,&quot;_ob_column_has_pseudo&quot;:&quot;no&quot;}\">\n\t\t\t\t<div class=\"elementor-element elementor-element-c7f6e9d ob-has-background-overlay elementor-widget elementor-widget-html\" data-id=\"c7f6e9d\" data-element_type=\"widget\" data-e-type=\"widget\" data-settings=\"{&quot;_ob_perspektive_use&quot;:&quot;no&quot;,&quot;_ob_poopart_use&quot;:&quot;yes&quot;,&quot;_ob_shadough_use&quot;:&quot;no&quot;,&quot;_ob_allow_hoveranimator&quot;:&quot;no&quot;,&quot;_ob_widget_stalker_use&quot;:&quot;no&quot;}\" data-widget_type=\"html.default\">\n\t\t\t\t\t<iframe style=\"border-radius:12px\" src=\"https:\/\/open.spotify.com\/embed\/playlist\/5yCKPgCzhUBY8XbRIzZSpb?utm_source=generator\" width=\"100%\" height=\"352\" frameborder=\"0\" allowfullscreen=\"\" allow=\"autoplay; clipboard-write; encrypted-media; fullscreen; picture-in-picture\" loading=\"lazy\"><\/iframe>\r\n\r\n<div style=\"text-align: center; margin-top: 10px;\">\r\n    <a href=\"https:\/\/open.spotify.com\/playlist\/5yCKPgCzhUBY8XbRIzZSpb?si=d0dfd1777a414332&pt=1ee203042f604b663d4d10eaa9212b2c\" style=\"background-color: #1DB954; color: white; padding: 10px 20px; border-radius: 20px; text-decoration: none; font-family: sans-serif; font-weight: bold;\">\r\n        Colaborar con esta playlist\r\n    <\/a>\r\n<\/div>\t\t\t\t<\/div>\n\t\t\t\t<div class=\"elementor-element elementor-element-030dfb9 ob-has-background-overlay elementor-widget elementor-widget-html\" data-id=\"030dfb9\" data-element_type=\"widget\" data-e-type=\"widget\" data-settings=\"{&quot;_ob_perspektive_use&quot;:&quot;no&quot;,&quot;_ob_poopart_use&quot;:&quot;yes&quot;,&quot;_ob_shadough_use&quot;:&quot;no&quot;,&quot;_ob_allow_hoveranimator&quot;:&quot;no&quot;,&quot;_ob_widget_stalker_use&quot;:&quot;no&quot;}\" data-widget_type=\"html.default\">\n\t\t\t\t\t<iframe style=\"border-radius:12px\" src=\"https:\/\/open.spotify.com\/embed\/playlist\/3Xad36kcperE8G8sWR6ZkF?utm_source=generator\" width=\"100%\" height=\"352\" frameborder=\"0\" allowfullscreen=\"\" allow=\"autoplay; clipboard-write; encrypted-media; fullscreen; picture-in-picture\" loading=\"lazy\"><\/iframe>\r\n\r\n<div style=\"text-align: center; margin-top: 10px;\">\r\n    <a href=\"https:\/\/open.spotify.com\/playlist\/3Xad36kcperE8G8sWR6ZkF?si=88b166cdbf5040ef&pt=dbe35366548cb2c195139e783e59a9c5\" style=\"background-color: #1DB954; color: white; padding: 10px 20px; border-radius: 20px; text-decoration: none; font-family: sans-serif; font-weight: bold;\">\r\n        Colaborar con esta playlist\r\n    <\/a>\r\n<\/div>\t\t\t\t<\/div>\n\t\t\t\t<div class=\"elementor-element elementor-element-0424477 ob-has-background-overlay elementor-widget elementor-widget-html\" data-id=\"0424477\" data-element_type=\"widget\" data-e-type=\"widget\" data-settings=\"{&quot;_ob_perspektive_use&quot;:&quot;no&quot;,&quot;_ob_poopart_use&quot;:&quot;yes&quot;,&quot;_ob_shadough_use&quot;:&quot;no&quot;,&quot;_ob_allow_hoveranimator&quot;:&quot;no&quot;,&quot;_ob_widget_stalker_use&quot;:&quot;no&quot;}\" data-widget_type=\"html.default\">\n\t\t\t\t\t<iframe style=\"border-radius:12px\" src=\"https:\/\/open.spotify.com\/embed\/playlist\/1A7B0hO3WDFvLWMf2DWqAi?utm_source=generator&theme=0\" width=\"100%\" height=\"352\" frameborder=\"0\" allowfullscreen=\"\" allow=\"autoplay; clipboard-write; encrypted-media; fullscreen; picture-in-picture\" loading=\"lazy\"><\/iframe>\r\n\r\n<div style=\"text-align: center; margin-top: 10px;\">\r\n    <a href=\"https:\/\/open.spotify.com\/playlist\/1A7B0hO3WDFvLWMf2DWqAi?si=251917fd41e34de2&pt=4f83fcd3dd38775e7e84f3f64f7d22c7\" style=\"background-color: #1DB954; color: white; padding: 10px 20px; border-radius: 20px; text-decoration: none; font-family: sans-serif; font-weight: bold;\">\r\n        Colaborar con esta playlist\r\n    <\/a>\r\n<\/div>\t\t\t\t<\/div>\n\t\t\t\t<div class=\"elementor-element elementor-element-8cab014 ob-has-background-overlay elementor-widget elementor-widget-html\" data-id=\"8cab014\" data-element_type=\"widget\" data-e-type=\"widget\" data-settings=\"{&quot;_ob_perspektive_use&quot;:&quot;no&quot;,&quot;_ob_poopart_use&quot;:&quot;yes&quot;,&quot;_ob_shadough_use&quot;:&quot;no&quot;,&quot;_ob_allow_hoveranimator&quot;:&quot;no&quot;,&quot;_ob_widget_stalker_use&quot;:&quot;no&quot;}\" data-widget_type=\"html.default\">\n\t\t\t\t\t<iframe style=\"border-radius:12px\" src=\"https:\/\/open.spotify.com\/embed\/playlist\/5b24boyLyUXxfiW7T7tPoW?utm_source=generator\" width=\"100%\" height=\"352\" frameborder=\"0\" allowfullscreen=\"\" allow=\"autoplay; clipboard-write; encrypted-media; fullscreen; picture-in-picture\" loading=\"lazy\"><\/iframe>\r\n\r\n<div style=\"text-align: center; margin-top: 10px;\">\r\n    <a href=\"https:\/\/open.spotify.com\/playlist\/5b24boyLyUXxfiW7T7tPoW?si=471b1e223f884380&pt=6fe50560cd2d15782ad8e34963730d6f\" style=\"background-color: #1DB954; color: white; padding: 10px 20px; border-radius: 20px; text-decoration: none; font-family: sans-serif; font-weight: bold;\">\r\n        Colaborar con esta playlist\r\n    <\/a>\r\n<\/div>\t\t\t\t<\/div>\n\t\t\t\t<div class=\"elementor-element elementor-element-e85923e ob-has-background-overlay elementor-widget elementor-widget-html\" data-id=\"e85923e\" data-element_type=\"widget\" data-e-type=\"widget\" data-settings=\"{&quot;_ob_perspektive_use&quot;:&quot;no&quot;,&quot;_ob_poopart_use&quot;:&quot;yes&quot;,&quot;_ob_shadough_use&quot;:&quot;no&quot;,&quot;_ob_allow_hoveranimator&quot;:&quot;no&quot;,&quot;_ob_widget_stalker_use&quot;:&quot;no&quot;}\" data-widget_type=\"html.default\">\n\t\t\t\t\t<iframe style=\"border-radius:12px\" src=\"https:\/\/open.spotify.com\/embed\/playlist\/5A7wt92cxtzWfNUDao3RAN?utm_source=generator\" width=\"100%\" height=\"352\" frameborder=\"0\" allowfullscreen=\"\" allow=\"autoplay; clipboard-write; encrypted-media; fullscreen; picture-in-picture\" loading=\"lazy\"><\/iframe>\r\n\r\n<div style=\"text-align: center; margin-top: 10px;\">\r\n    <a href=\"https:\/\/open.spotify.com\/playlist\/5A7wt92cxtzWfNUDao3RAN?si=8a37cc106fa1474c&pt=ea2bc1295bf63d6277f0896f81790acb\" style=\"background-color: #1DB954; color: white; padding: 10px 20px; border-radius: 20px; text-decoration: none; font-family: sans-serif; font-weight: bold;\">\r\n        Colaborar con esta playlist\r\n    <\/a>\r\n<\/div>\t\t\t\t<\/div>\n\t\t\t\t<div class=\"elementor-element elementor-element-49f8bf5 ob-has-background-overlay elementor-widget elementor-widget-html\" data-id=\"49f8bf5\" data-element_type=\"widget\" data-e-type=\"widget\" data-settings=\"{&quot;_ob_perspektive_use&quot;:&quot;no&quot;,&quot;_ob_poopart_use&quot;:&quot;yes&quot;,&quot;_ob_shadough_use&quot;:&quot;no&quot;,&quot;_ob_allow_hoveranimator&quot;:&quot;no&quot;,&quot;_ob_widget_stalker_use&quot;:&quot;no&quot;}\" data-widget_type=\"html.default\">\n\t\t\t\t\t<iframe style=\"border-radius:12px\" src=\"https:\/\/open.spotify.com\/embed\/playlist\/149X6Ju1AJlEGcLN27IUnW?utm_source=generator\" width=\"100%\" height=\"352\" frameborder=\"0\" allowfullscreen=\"\" allow=\"autoplay; clipboard-write; encrypted-media; fullscreen; picture-in-picture\" loading=\"lazy\"><\/iframe>\r\n\r\n<div style=\"text-align: center; margin-top: 10px;\">\r\n    <a href=\"https:\/\/open.spotify.com\/playlist\/149X6Ju1AJlEGcLN27IUnW?si=afddf57b34e44bcf&pt=7fbf547de13df1b2a270cdc7b5aaf0e0\" style=\"background-color: #1DB954; color: white; padding: 10px 20px; border-radius: 20px; text-decoration: none; font-family: sans-serif; font-weight: bold;\">\r\n        Colaborar con esta playlist\r\n    <\/a>\r\n<\/div>\t\t\t\t<\/div>\n\t\t\t\t<div class=\"elementor-element elementor-element-c6c1743 ob-has-background-overlay elementor-widget elementor-widget-html\" data-id=\"c6c1743\" data-element_type=\"widget\" data-e-type=\"widget\" data-settings=\"{&quot;_ob_perspektive_use&quot;:&quot;no&quot;,&quot;_ob_poopart_use&quot;:&quot;yes&quot;,&quot;_ob_shadough_use&quot;:&quot;no&quot;,&quot;_ob_allow_hoveranimator&quot;:&quot;no&quot;,&quot;_ob_widget_stalker_use&quot;:&quot;no&quot;}\" data-widget_type=\"html.default\">\n\t\t\t\t\t<iframe style=\"border-radius:12px\" src=\"https:\/\/open.spotify.com\/embed\/playlist\/2C32tIPrUOjb5qy9KtydOb?utm_source=generator\" width=\"100%\" height=\"352\" frameborder=\"0\" allowfullscreen=\"\" allow=\"autoplay; clipboard-write; encrypted-media; fullscreen; picture-in-picture\" loading=\"lazy\"><\/iframe>\r\n\r\n<div style=\"text-align: center; margin-top: 10px;\">\r\n    <a href=\"https:\/\/open.spotify.com\/playlist\/2C32tIPrUOjb5qy9KtydOb?si=016d2b2af88948bf&pt=73c358f9887bebce80a8b081fdaad51a\" style=\"background-color: #1DB954; color: white; padding: 10px 20px; border-radius: 20px; text-decoration: none; font-family: sans-serif; font-weight: bold;\">\r\n        Colaborar con esta playlist\r\n    <\/a>\r\n<\/div>\t\t\t\t<\/div>\n\t\t\t\t<div class=\"elementor-element elementor-element-8cca8cf ob-has-background-overlay elementor-widget elementor-widget-html\" data-id=\"8cca8cf\" data-element_type=\"widget\" data-e-type=\"widget\" data-settings=\"{&quot;_ob_perspektive_use&quot;:&quot;no&quot;,&quot;_ob_poopart_use&quot;:&quot;yes&quot;,&quot;_ob_shadough_use&quot;:&quot;no&quot;,&quot;_ob_allow_hoveranimator&quot;:&quot;no&quot;,&quot;_ob_widget_stalker_use&quot;:&quot;no&quot;}\" data-widget_type=\"html.default\">\n\t\t\t\t\t<iframe style=\"border-radius:12px\" src=\"https:\/\/open.spotify.com\/embed\/playlist\/013RUFS702UbeZwxx7ioUz?utm_source=generator\" width=\"100%\" height=\"352\" frameborder=\"0\" allowfullscreen=\"\" allow=\"autoplay; clipboard-write; encrypted-media; fullscreen; picture-in-picture\" loading=\"lazy\"><\/iframe>\r\n\r\n<div style=\"text-align: center; margin-top: 10px;\">\r\n    <a href=\"https:\/\/open.spotify.com\/playlist\/013RUFS702UbeZwxx7ioUz?si=95f8c045764c4d3a&pt=d7dd18f2162abda45e277b47cf68ec0d\" style=\"background-color: #1DB954; color: white; padding: 10px 20px; border-radius: 20px; text-decoration: none; font-family: sans-serif; font-weight: bold;\">\r\n        Colaborar con esta playlist\r\n    <\/a>\r\n<\/div>\t\t\t\t<\/div>\n\t\t\t\t<div class=\"elementor-element elementor-element-c2ea21b ob-has-background-overlay elementor-widget elementor-widget-html\" data-id=\"c2ea21b\" data-element_type=\"widget\" data-e-type=\"widget\" data-settings=\"{&quot;_ob_perspektive_use&quot;:&quot;no&quot;,&quot;_ob_poopart_use&quot;:&quot;yes&quot;,&quot;_ob_shadough_use&quot;:&quot;no&quot;,&quot;_ob_allow_hoveranimator&quot;:&quot;no&quot;,&quot;_ob_widget_stalker_use&quot;:&quot;no&quot;}\" data-widget_type=\"html.default\">\n\t\t\t\t\t<iframe style=\"border-radius:12px\" src=\"https:\/\/open.spotify.com\/embed\/playlist\/4FsG5IezLTH5tm1HCtyiO3?utm_source=generator\" width=\"100%\" height=\"352\" frameborder=\"0\" allowfullscreen=\"\" allow=\"autoplay; clipboard-write; encrypted-media; fullscreen; picture-in-picture\" loading=\"lazy\"><\/iframe>\r\n\r\n<div style=\"text-align: center; margin-top: 10px;\">\r\n    <a href=\"https:\/\/open.spotify.com\/playlist\/4FsG5IezLTH5tm1HCtyiO3?si=c2a6f1c42c8c4048&pt=9bf5f90de913d110e90f13477b39f4a6\" style=\"background-color: #1DB954; color: white; padding: 10px 20px; border-radius: 20px; text-decoration: none; font-family: sans-serif; font-weight: bold;\">\r\n        Colaborar con esta playlist\r\n    <\/a>\r\n<\/div>\t\t\t\t<\/div>\n\t\t\t\t<\/div>\n\t\t\t\t<\/div>","protected":false},"excerpt":{"rendered":"<p>En Kaith\u2019s Rebels no nos limitamos a escuchar; construimos nuestro propio sonido. Las REBELS Playlists\u00a0son radios abiertas en Spotify creadas por y para los miembros de la crew. \u00a0 1. \ud83d\udd25 Encuentra tu energ\u00eda\u00a0 Cada playlist est\u00e1 dise\u00f1ada para un momento espec\u00edfico de nuestras actividades: Acci\u00f3n y Combate:\u00a0MASSACRE MODE o Racing &amp; Extreme Sports. Creaci\u00f3n [&hellip;]<\/p>\n","protected":false},"author":1,"featured_media":3731,"parent":0,"menu_order":0,"comment_status":"closed","ping_status":"closed","template":"","meta":{"_acf_changed":false,"footnotes":""},"class_list":["post-677","page","type-page","status-publish","has-post-thumbnail","hentry"],"acf":[],"yoast_head":"<!-- This site is optimized with the Yoast SEO plugin v27.3 - https:\/\/yoast.com\/product\/yoast-seo-wordpress\/ -->\n<title>Radios - Kaith&#039;s Rebels<\/title>\n<meta name=\"description\" content=\"Descubre las radios online en REBELS Playlist, donde puedes encontrar playlists tem\u00e1ticas para cada momento y energ\u00eda.\" \/>\n<meta name=\"robots\" content=\"index, follow, max-snippet:-1, max-image-preview:large, max-video-preview:-1\" \/>\n<link rel=\"canonical\" href=\"https:\/\/kaithsrebels.com\/en\/radios\/\" \/>\n<meta property=\"og:locale\" content=\"en_US\" \/>\n<meta property=\"og:type\" content=\"article\" \/>\n<meta property=\"og:title\" content=\"Radios - Kaith&#039;s Rebels\" \/>\n<meta property=\"og:description\" content=\"Descubre las radios online en REBELS Playlist, donde puedes encontrar playlists tem\u00e1ticas para cada momento y energ\u00eda.\" \/>\n<meta property=\"og:url\" content=\"https:\/\/kaithsrebels.com\/en\/radios\/\" \/>\n<meta property=\"og:site_name\" content=\"Kaith&#039;s Rebels\" \/>\n<meta property=\"article:modified_time\" content=\"2026-03-06T05:56:35+00:00\" \/>\n<meta property=\"og:image\" content=\"https:\/\/kaithsrebels.com\/wp-content\/uploads\/2026\/03\/RadiosBanner.jpg\" \/>\n\t<meta property=\"og:image:width\" content=\"960\" \/>\n\t<meta property=\"og:image:height\" content=\"960\" \/>\n\t<meta property=\"og:image:type\" content=\"image\/jpeg\" \/>\n<meta name=\"twitter:card\" content=\"summary_large_image\" \/>\n<meta name=\"twitter:label1\" content=\"Est. reading time\" \/>\n\t<meta name=\"twitter:data1\" content=\"2 minutes\" \/>\n<script type=\"application\/ld+json\" class=\"yoast-schema-graph\">{\"@context\":\"https:\\\/\\\/schema.org\",\"@graph\":[{\"@type\":\"WebPage\",\"@id\":\"https:\\\/\\\/kaithsrebels.com\\\/en\\\/radios\\\/\",\"url\":\"https:\\\/\\\/kaithsrebels.com\\\/en\\\/radios\\\/\",\"name\":\"Radios - Kaith&#039;s Rebels\",\"isPartOf\":{\"@id\":\"https:\\\/\\\/kaithsrebels.com\\\/#website\"},\"primaryImageOfPage\":{\"@id\":\"https:\\\/\\\/kaithsrebels.com\\\/en\\\/radios\\\/#primaryimage\"},\"image\":{\"@id\":\"https:\\\/\\\/kaithsrebels.com\\\/en\\\/radios\\\/#primaryimage\"},\"thumbnailUrl\":\"https:\\\/\\\/kaithsrebels.com\\\/wp-content\\\/uploads\\\/2026\\\/03\\\/RadiosBanner.jpg\",\"datePublished\":\"2025-12-25T08:06:42+00:00\",\"dateModified\":\"2026-03-06T05:56:35+00:00\",\"description\":\"Descubre las radios online en REBELS Playlist, donde puedes encontrar playlists tem\u00e1ticas para cada momento y energ\u00eda.\",\"breadcrumb\":{\"@id\":\"https:\\\/\\\/kaithsrebels.com\\\/en\\\/radios\\\/#breadcrumb\"},\"inLanguage\":\"en-US\",\"potentialAction\":[{\"@type\":\"ReadAction\",\"target\":[\"https:\\\/\\\/kaithsrebels.com\\\/en\\\/radios\\\/\"]}]},{\"@type\":\"ImageObject\",\"inLanguage\":\"en-US\",\"@id\":\"https:\\\/\\\/kaithsrebels.com\\\/en\\\/radios\\\/#primaryimage\",\"url\":\"https:\\\/\\\/kaithsrebels.com\\\/wp-content\\\/uploads\\\/2026\\\/03\\\/RadiosBanner.jpg\",\"contentUrl\":\"https:\\\/\\\/kaithsrebels.com\\\/wp-content\\\/uploads\\\/2026\\\/03\\\/RadiosBanner.jpg\",\"width\":960,\"height\":960},{\"@type\":\"BreadcrumbList\",\"@id\":\"https:\\\/\\\/kaithsrebels.com\\\/en\\\/radios\\\/#breadcrumb\",\"itemListElement\":[{\"@type\":\"ListItem\",\"position\":1,\"name\":\"Inicio\",\"item\":\"https:\\\/\\\/kaithsrebels.com\\\/\"},{\"@type\":\"ListItem\",\"position\":2,\"name\":\"Radios\"}]},{\"@type\":\"WebSite\",\"@id\":\"https:\\\/\\\/kaithsrebels.com\\\/#website\",\"url\":\"https:\\\/\\\/kaithsrebels.com\\\/\",\"name\":\"Kaith's Rebels\",\"description\":\"Together we&#039;re invincible\",\"publisher\":{\"@id\":\"https:\\\/\\\/kaithsrebels.com\\\/#organization\"},\"potentialAction\":[{\"@type\":\"SearchAction\",\"target\":{\"@type\":\"EntryPoint\",\"urlTemplate\":\"https:\\\/\\\/kaithsrebels.com\\\/?s={search_term_string}\"},\"query-input\":{\"@type\":\"PropertyValueSpecification\",\"valueRequired\":true,\"valueName\":\"search_term_string\"}}],\"inLanguage\":\"en-US\"},{\"@type\":\"Organization\",\"@id\":\"https:\\\/\\\/kaithsrebels.com\\\/#organization\",\"name\":\"Kaith's Rebels\",\"url\":\"https:\\\/\\\/kaithsrebels.com\\\/\",\"logo\":{\"@type\":\"ImageObject\",\"inLanguage\":\"en-US\",\"@id\":\"https:\\\/\\\/kaithsrebels.com\\\/#\\\/schema\\\/logo\\\/image\\\/\",\"url\":\"https:\\\/\\\/kaithsrebels.com\\\/wp-content\\\/uploads\\\/2026\\\/02\\\/Logo200x200.png\",\"contentUrl\":\"https:\\\/\\\/kaithsrebels.com\\\/wp-content\\\/uploads\\\/2026\\\/02\\\/Logo200x200.png\",\"width\":200,\"height\":200,\"caption\":\"Kaith's Rebels\"},\"image\":{\"@id\":\"https:\\\/\\\/kaithsrebels.com\\\/#\\\/schema\\\/logo\\\/image\\\/\"}}]}<\/script>\n<!-- \/ Yoast SEO plugin. -->","yoast_head_json":{"title":"Radios - Kaith&#039;s Rebels","description":"Descubre las radios online en REBELS Playlist, donde puedes encontrar playlists tem\u00e1ticas para cada momento y energ\u00eda.","robots":{"index":"index","follow":"follow","max-snippet":"max-snippet:-1","max-image-preview":"max-image-preview:large","max-video-preview":"max-video-preview:-1"},"canonical":"https:\/\/kaithsrebels.com\/en\/radios\/","og_locale":"en_US","og_type":"article","og_title":"Radios - Kaith&#039;s Rebels","og_description":"Descubre las radios online en REBELS Playlist, donde puedes encontrar playlists tem\u00e1ticas para cada momento y energ\u00eda.","og_url":"https:\/\/kaithsrebels.com\/en\/radios\/","og_site_name":"Kaith&#039;s Rebels","article_modified_time":"2026-03-06T05:56:35+00:00","og_image":[{"width":960,"height":960,"url":"https:\/\/kaithsrebels.com\/wp-content\/uploads\/2026\/03\/RadiosBanner.jpg","type":"image\/jpeg"}],"twitter_card":"summary_large_image","twitter_misc":{"Est. reading time":"2 minutes"},"schema":{"@context":"https:\/\/schema.org","@graph":[{"@type":"WebPage","@id":"https:\/\/kaithsrebels.com\/en\/radios\/","url":"https:\/\/kaithsrebels.com\/en\/radios\/","name":"Radios - Kaith&#039;s Rebels","isPartOf":{"@id":"https:\/\/kaithsrebels.com\/#website"},"primaryImageOfPage":{"@id":"https:\/\/kaithsrebels.com\/en\/radios\/#primaryimage"},"image":{"@id":"https:\/\/kaithsrebels.com\/en\/radios\/#primaryimage"},"thumbnailUrl":"https:\/\/kaithsrebels.com\/wp-content\/uploads\/2026\/03\/RadiosBanner.jpg","datePublished":"2025-12-25T08:06:42+00:00","dateModified":"2026-03-06T05:56:35+00:00","description":"Descubre las radios online en REBELS Playlist, donde puedes encontrar playlists tem\u00e1ticas para cada momento y energ\u00eda.","breadcrumb":{"@id":"https:\/\/kaithsrebels.com\/en\/radios\/#breadcrumb"},"inLanguage":"en-US","potentialAction":[{"@type":"ReadAction","target":["https:\/\/kaithsrebels.com\/en\/radios\/"]}]},{"@type":"ImageObject","inLanguage":"en-US","@id":"https:\/\/kaithsrebels.com\/en\/radios\/#primaryimage","url":"https:\/\/kaithsrebels.com\/wp-content\/uploads\/2026\/03\/RadiosBanner.jpg","contentUrl":"https:\/\/kaithsrebels.com\/wp-content\/uploads\/2026\/03\/RadiosBanner.jpg","width":960,"height":960},{"@type":"BreadcrumbList","@id":"https:\/\/kaithsrebels.com\/en\/radios\/#breadcrumb","itemListElement":[{"@type":"ListItem","position":1,"name":"Inicio","item":"https:\/\/kaithsrebels.com\/"},{"@type":"ListItem","position":2,"name":"Radios"}]},{"@type":"WebSite","@id":"https:\/\/kaithsrebels.com\/#website","url":"https:\/\/kaithsrebels.com\/","name":"Kaith's Rebels","description":"Together we&#039;re invincible","publisher":{"@id":"https:\/\/kaithsrebels.com\/#organization"},"potentialAction":[{"@type":"SearchAction","target":{"@type":"EntryPoint","urlTemplate":"https:\/\/kaithsrebels.com\/?s={search_term_string}"},"query-input":{"@type":"PropertyValueSpecification","valueRequired":true,"valueName":"search_term_string"}}],"inLanguage":"en-US"},{"@type":"Organization","@id":"https:\/\/kaithsrebels.com\/#organization","name":"Kaith's Rebels","url":"https:\/\/kaithsrebels.com\/","logo":{"@type":"ImageObject","inLanguage":"en-US","@id":"https:\/\/kaithsrebels.com\/#\/schema\/logo\/image\/","url":"https:\/\/kaithsrebels.com\/wp-content\/uploads\/2026\/02\/Logo200x200.png","contentUrl":"https:\/\/kaithsrebels.com\/wp-content\/uploads\/2026\/02\/Logo200x200.png","width":200,"height":200,"caption":"Kaith's Rebels"},"image":{"@id":"https:\/\/kaithsrebels.com\/#\/schema\/logo\/image\/"}}]}},"_hostinger_reach_plugin_has_subscription_block":false,"_hostinger_reach_plugin_is_elementor":false,"_links":{"self":[{"href":"https:\/\/kaithsrebels.com\/en\/wp-json\/wp\/v2\/pages\/677","targetHints":{"allow":["GET"]}}],"collection":[{"href":"https:\/\/kaithsrebels.com\/en\/wp-json\/wp\/v2\/pages"}],"about":[{"href":"https:\/\/kaithsrebels.com\/en\/wp-json\/wp\/v2\/types\/page"}],"author":[{"embeddable":true,"href":"https:\/\/kaithsrebels.com\/en\/wp-json\/wp\/v2\/users\/1"}],"replies":[{"embeddable":true,"href":"https:\/\/kaithsrebels.com\/en\/wp-json\/wp\/v2\/comments?post=677"}],"version-history":[{"count":46,"href":"https:\/\/kaithsrebels.com\/en\/wp-json\/wp\/v2\/pages\/677\/revisions"}],"predecessor-version":[{"id":3792,"href":"https:\/\/kaithsrebels.com\/en\/wp-json\/wp\/v2\/pages\/677\/revisions\/3792"}],"wp:featuredmedia":[{"embeddable":true,"href":"https:\/\/kaithsrebels.com\/en\/wp-json\/wp\/v2\/media\/3731"}],"wp:attachment":[{"href":"https:\/\/kaithsrebels.com\/en\/wp-json\/wp\/v2\/media?parent=677"}],"curies":[{"name":"wp","href":"https:\/\/api.w.org\/{rel}","templated":true}]}}