{"id":5035,"date":"2026-05-01T17:33:12","date_gmt":"2026-05-01T17:33:12","guid":{"rendered":"https:\/\/kaithsrebels.com\/?page_id=5035"},"modified":"2026-05-06T03:14:38","modified_gmt":"2026-05-06T03:14:38","slug":"fanarts","status":"publish","type":"page","link":"https:\/\/kaithsrebels.com\/en\/fanarts\/","title":{"rendered":"Fanarts"},"content":{"rendered":"<div data-elementor-type=\"wp-page\" data-elementor-id=\"5035\" class=\"elementor elementor-5035\" data-elementor-post-type=\"page\">\n\t\t\t\t<div class=\"elementor-element elementor-element-c89c2c2 e-con-full e-flex e-con e-parent\" data-id=\"c89c2c2\" data-element_type=\"container\" data-e-type=\"container\" data-settings=\"{&quot;_ob_use_container_extras&quot;:&quot;no&quot;,&quot;_ob_column_hoveranimator&quot;:&quot;no&quot;,&quot;_ob_glider_is_slider&quot;:&quot;no&quot;,&quot;_ob_column_has_pseudo&quot;:&quot;no&quot;}\">\n\t\t\t\t<div class=\"elementor-element elementor-element-3c86bb5 elementor-widget__width-inherit ob-has-background-overlay elementor-widget elementor-widget-shortcode\" data-id=\"3c86bb5\" data-element_type=\"widget\" data-e-type=\"widget\" data-settings=\"{&quot;_ob_widget_stalker_use&quot;:&quot;no&quot;,&quot;_ob_poopart_use&quot;:&quot;yes&quot;,&quot;_ob_shadough_use&quot;:&quot;no&quot;,&quot;_ob_allow_hoveranimator&quot;:&quot;no&quot;}\" data-widget_type=\"shortcode.default\">\n\t\t\t\t\t\t\t<div class=\"elementor-shortcode\"><div id=\"mural-colectivo-root\" data-altura=\"620\">\n\n  <!-- TOOLBAR -->\r\n<div id=\"mural-toolbar\">\r\n  <div class=\"mural-tb-left\">\r\n    <span class=\"mural-tb-title\">\u2726 Mural Colectivo<\/span>\r\n  <\/div>\r\n  <div class=\"mural-tb-right\">\r\n    <div class=\"mural-toolbar-row mural-toolbar-row-main\">\r\n      <button type=\"button\" class=\"mural-btn mural-btn-with-icon mural-btn-icon-only\" id=\"mural-btn-inicio\" title=\"Ir al primer elemento\" aria-label=\"Ir al primer elemento\">\r\n        <span class=\"mural-btn-glyph\" aria-hidden=\"true\"><svg viewbox=\"0 0 24 24\"><path d=\"M11 7L6 12L11 17\"><\/path><path d=\"M18 7L13 12L18 17\"><\/path><\/svg><\/span>\r\n      <\/button>\r\n      <button type=\"button\" class=\"mural-btn mural-btn-with-icon mural-btn-icon-only\" id=\"mural-btn-fin\" title=\"Ir al \u00faltimo elemento\" aria-label=\"Ir al \u00faltimo elemento\">\r\n        <span class=\"mural-btn-glyph\" aria-hidden=\"true\"><svg viewbox=\"0 0 24 24\"><path d=\"M13 7L18 12L13 17\"><\/path><path d=\"M6 7L11 12L6 17\"><\/path><\/svg><\/span>\r\n      <\/button>\r\n      <button type=\"button\" class=\"mural-btn mural-btn-with-icon mural-btn-icon-only mural-btn-toggle\" id=\"mural-btn-toggle-filters\" title=\"Filtros: ocultos\" aria-label=\"Filtros: ocultos\" aria-pressed=\"false\">\r\n        <span class=\"mural-btn-glyph\" aria-hidden=\"true\"><svg viewbox=\"0 0 24 24\"><path d=\"M4 6H20L14 13V18L10 20V13L4 6Z\"><\/path><\/svg><\/span>\r\n      <\/button>\r\n\r\n      \r\n      <button type=\"button\" class=\"mural-btn mural-btn-with-icon mural-btn-icon-only mural-btn-toggle\" id=\"mural-btn-fullscreen\" title=\"Pantalla completa: apagado\" aria-label=\"Pantalla completa: apagado\" aria-pressed=\"false\">\r\n        <span class=\"mural-btn-glyph\" aria-hidden=\"true\"><svg viewbox=\"0 0 24 24\"><path d=\"M4 9V4H9\"><\/path><path d=\"M15 4H20V9\"><\/path><path d=\"M20 15V20H15\"><\/path><path d=\"M9 20H4V15\"><\/path><\/svg><\/span>\r\n      <\/button>\r\n    <\/div>\r\n\r\n    <div class=\"mural-toolbar-row mural-toolbar-row-filters is-collapsed\" id=\"mural-filters-wrap\">\r\n      <select id=\"mural-filter-type\" class=\"mural-filter-input\" title=\"Filtrar por tipo\">\r\n        <option value=\"\">Fotos y firmas<\/option>\r\n        <option value=\"foto\">Solo fotos<\/option>\r\n        <option value=\"firma\">Solo firmas<\/option>\r\n      <\/select>\r\n      <select id=\"mural-filter-user\" class=\"mural-filter-input\" title=\"Filtrar por autor\">\r\n        <option value=\"\">Todos los autores<\/option>\r\n      <\/select>\r\n      <select id=\"mural-filter-character\" class=\"mural-filter-input\" title=\"Pr\u00f3ximamente: filtrar por personaje\" disabled>\r\n        <option value=\"\">Personaje (pr\u00f3ximamente)<\/option>\r\n      <\/select>\r\n      <input id=\"mural-filter-tags\" class=\"mural-filter-input\" type=\"text\" placeholder=\"Buscar por tags...\" title=\"Buscar por tags\">\r\n      <button type=\"button\" class=\"mural-btn mural-btn-with-icon mural-btn-icon-only\" id=\"mural-btn-clear-filters\" title=\"Limpiar filtros\" aria-label=\"Limpiar filtros\">\r\n        <span class=\"mural-btn-glyph\" aria-hidden=\"true\"><svg viewbox=\"0 0 24 24\"><path d=\"M6 6L18 18\"><\/path><path d=\"M18 6L6 18\"><\/path><\/svg><\/span>\r\n      <\/button>\r\n    <\/div>\r\n  <\/div>\r\n<\/div>\r\n\n  <!-- STAGE (paneo libre XY + zoom) -->\n  <div id=\"mural-stage-wrap\">\n    <div id=\"mural-stage\">\n      <div id=\"mural-loading\"><span>Cargando el mural...<\/span><\/div>\n    <\/div>\n    <div class=\"mural-corner-hint\">\u2196 arrastr\u00e1 \u00b7 Ctrl+Rueda para zoom \u2198<\/div>\r\n\r\n<!-- Zoom controls: centrados abajo dentro del lienzo -->\r\n<div class=\"mural-canvas-zoom-bar\" title=\"Zoom (tambi\u00e9n: Ctrl + Rueda del mouse)\">\r\n  <button type=\"button\" class=\"mural-zoom-btn\" id=\"mural-btn-zoom-out\" title=\"Alejar (\u2212)\" aria-label=\"Alejar\">\r\n    <svg viewbox=\"0 0 20 20\" fill=\"none\" aria-hidden=\"true\"><path d=\"M4 10h12\" stroke=\"currentColor\" stroke-width=\"2\" stroke-linecap=\"round\"\/><\/svg>\r\n  <\/button>\r\n  <span id=\"mural-zoom-label\" aria-live=\"polite\">100%<\/span>\r\n  <button type=\"button\" class=\"mural-zoom-btn\" id=\"mural-btn-zoom-in\" title=\"Acercar (+)\" aria-label=\"Acercar\">\r\n    <svg viewbox=\"0 0 20 20\" fill=\"none\" aria-hidden=\"true\"><path d=\"M10 4v12M4 10h12\" stroke=\"currentColor\" stroke-width=\"2\" stroke-linecap=\"round\"\/><\/svg>\r\n  <\/button>\r\n  <button type=\"button\" class=\"mural-zoom-btn mural-zoom-reset\" id=\"mural-btn-zoom-100\" title=\"Restablecer zoom\" aria-label=\"Zoom 1:1\">1:1<\/button>\r\n<\/div>\r\n\r\n<!-- Solo lectura: fijo abajo a la izquierda -->\r\n<button type=\"button\" class=\"mural-canvas-readonly-btn mural-btn-toggle\" id=\"mural-btn-readonly\"\r\n        title=\"Solo lectura: apagado\" aria-label=\"Solo lectura: apagado\" aria-pressed=\"false\">\r\n  <svg viewbox=\"0 0 20 20\" fill=\"none\" aria-hidden=\"true\" width=\"16\" height=\"16\">\r\n    <path class=\"mural-ro-pan-off\" d=\"M10 2v4M10 14v4M2 10h4M14 10h4\" stroke=\"currentColor\" stroke-width=\"1.6\" stroke-linecap=\"round\"\/>\r\n    <circle class=\"mural-ro-pan-off\" cx=\"10\" cy=\"10\" r=\"3.2\" stroke=\"currentColor\" stroke-width=\"1.6\"\/>\r\n    <path class=\"mural-ro-pan-on\" d=\"M10 2v16M2 10h16\" stroke=\"currentColor\" stroke-width=\"1.7\" stroke-linecap=\"round\"\/>\r\n    <path class=\"mural-ro-pan-on\" d=\"M10 2l2 2M10 2L8 4M18 10l-2-2M18 10l-2 2M10 18l2-2M10 18l-2-2M2 10l2-2M2 10l2 2\" stroke=\"currentColor\" stroke-width=\"1.5\" stroke-linecap=\"round\" stroke-linejoin=\"round\"\/>\r\n  <\/svg>\r\n  <span class=\"mural-canvas-readonly-label\">Solo lectura<\/span>\r\n<\/button>\r\n\r\n<!-- Visitante: invitaci\u00f3n a participar -->\r\n<div class=\"mural-canvas-actions mural-canvas-login-hint\">\r\n  <a href=\"https:\/\/kaithsrebels.com\/wp-login.php?redirect_to=https%3A%2F%2Fkaithsrebels.com%2Fen%2Ffanarts%2F\" class=\"mural-canvas-action-btn mural-canvas-action-foto\">\r\n    <svg viewbox=\"0 0 20 20\" fill=\"none\" aria-hidden=\"true\" width=\"16\" height=\"16\"><path d=\"M10 3a7 7 0 100 14A7 7 0 0010 3zM8 9h4M10 7v4\" stroke=\"currentColor\" stroke-width=\"1.5\" stroke-linecap=\"round\"\/><\/svg>\r\n    <span>Inici\u00e1 sesi\u00f3n<\/span>\r\n  <\/a>\r\n<\/div>\r\n\n  <\/div>\n\n  <div id=\"mural-footer\">\n    <span id=\"mural-counter\"><\/span>\n  <\/div>\n\n  \n  <!-- COMPONENTE: FOTO VIEWER (lightbox) \u2014 controlado por createFotoViewer() en mural.js -->\r\n<div id=\"mural-lb\" role=\"dialog\" aria-modal=\"true\" aria-label=\"Visor de foto\" style=\"display:none\">\r\n  <div id=\"mural-lb-box\">\r\n\r\n    <!-- Flip 3-D: frente = foto \/ reverso = descripci\u00f3n manuscrita -->\r\n    <div id=\"mural-lb-flip\">\r\n\r\n      <!-- \u2500\u2500 FRENTE \u2500\u2500 -->\r\n      <div class=\"mural-lb-face mural-lb-face-front\">\r\n        <img decoding=\"async\" id=\"mural-lb-img\" src=\"\" alt=\"\">\r\n\r\n        <div id=\"mural-lb-info\">\r\n          <div id=\"mural-lb-titulo\"><\/div>\r\n          <div id=\"mural-lb-meta\"><\/div>\r\n          <div id=\"mural-lb-miembros\"><\/div>\r\n          <div id=\"mural-lb-tags\"><\/div>\r\n\r\n          <div id=\"mural-lb-actions\">\r\n            <button type=\"button\" id=\"mural-lb-likes\" class=\"mural-item-vote\">\u2764 0<\/button>\r\n            <button type=\"button\" id=\"mural-lb-flip-front\" class=\"mural-foto-flip-btn\" style=\"display:none\">\r\n              Ver reverso \u2197\r\n            <\/button>\r\n          <\/div>\r\n        <\/div>\r\n      <\/div><!-- \/.mural-lb-face-front -->\r\n\r\n      <!-- \u2500\u2500 REVERSO \u2500\u2500 -->\r\n      <div class=\"mural-lb-face mural-lb-face-back\">\r\n        <div id=\"mural-lb-reverso-label\">Reverso<\/div>\r\n        <div id=\"mural-lb-descripcion\"><\/div>\r\n        <button type=\"button\" id=\"mural-lb-flip-back\" class=\"mural-foto-flip-btn\">\r\n          Volver al frente \u21a9\r\n        <\/button>\r\n      <\/div><!-- \/.mural-lb-face-back -->\r\n\r\n    <\/div><!-- \/#mural-lb-flip -->\r\n  <\/div><!-- \/#mural-lb-box -->\r\n<\/div><!-- \/#mural-lb -->\r\n\n<\/div><!-- #mural-colectivo-root -->\n<\/div>\n\t\t\t\t\t\t<\/div>\n\t\t\t\t<\/div>\n\t\t\t\t<\/div>","protected":false},"excerpt":{"rendered":"<p>Explor\u00e1 el mural colaborativo de fanarts de Kaith\u2019s Rebels, donde la comunidad comparte ilustraciones y fotos con Kaith y la crew. S\u00famate, env\u00eda tu fanart y form\u00e1 parte de la leyenda rebelde!<\/p>","protected":false},"author":1,"featured_media":3918,"parent":0,"menu_order":0,"comment_status":"closed","ping_status":"closed","template":"","meta":{"_acf_changed":false,"footnotes":""},"class_list":["post-5035","page","type-page","status-publish","has-post-thumbnail","hentry"],"acf":[],"yoast_head":"<!-- This site is optimized with the Yoast SEO plugin v27.5 - https:\/\/yoast.com\/product\/yoast-seo-wordpress\/ -->\n<title>Fanarts - Kaith&#039;s Rebels<\/title>\n<meta name=\"description\" content=\"Explor\u00e1 el mural colaborativo de fanarts de Kaith\u2019s Rebels, donde la comunidad comparte ilustraciones y fotos con Kaith y la crew. S\u00famate, env\u00eda tu fanart y form\u00e1 parte de la leyenda rebelde!\" \/>\n<meta name=\"robots\" content=\"index, follow, max-snippet:-1, max-image-preview:large, max-video-preview:-1\" \/>\n<link rel=\"canonical\" href=\"https:\/\/kaithsrebels.com\/en\/fanarts\/\" \/>\n<meta property=\"og:locale\" content=\"en_US\" \/>\n<meta property=\"og:type\" content=\"article\" \/>\n<meta property=\"og:title\" content=\"Fanarts - Kaith&#039;s Rebels\" \/>\n<meta property=\"og:description\" content=\"Explor\u00e1 el mural colaborativo de fanarts de Kaith\u2019s Rebels, donde la comunidad comparte ilustraciones y fotos con Kaith y la crew. S\u00famate, env\u00eda tu fanart y form\u00e1 parte de la leyenda rebelde!\" \/>\n<meta property=\"og:url\" content=\"https:\/\/kaithsrebels.com\/en\/fanarts\/\" \/>\n<meta property=\"og:site_name\" content=\"Kaith&#039;s Rebels\" \/>\n<meta property=\"article:modified_time\" content=\"2026-05-06T03:14:38+00:00\" \/>\n<meta property=\"og:image\" content=\"https:\/\/kaithsrebels.com\/wp-content\/uploads\/2026\/01\/ChatGPT_Image_28_ene_2026_21_26_32-1024x683.png\" \/>\n\t<meta property=\"og:image:width\" content=\"1024\" \/>\n\t<meta property=\"og:image:height\" content=\"683\" \/>\n\t<meta property=\"og:image:type\" content=\"image\/png\" \/>\n<meta name=\"twitter:card\" content=\"summary_large_image\" \/>\n<meta name=\"twitter:label1\" content=\"Est. reading time\" \/>\n\t<meta name=\"twitter:data1\" content=\"1 minute\" \/>\n<script type=\"application\/ld+json\" class=\"yoast-schema-graph\">{\"@context\":\"https:\\\/\\\/schema.org\",\"@graph\":[{\"@type\":\"WebPage\",\"@id\":\"https:\\\/\\\/kaithsrebels.com\\\/fanarts\\\/\",\"url\":\"https:\\\/\\\/kaithsrebels.com\\\/fanarts\\\/\",\"name\":\"Fanarts - Kaith&#039;s Rebels\",\"isPartOf\":{\"@id\":\"https:\\\/\\\/kaithsrebels.com\\\/#website\"},\"primaryImageOfPage\":{\"@id\":\"https:\\\/\\\/kaithsrebels.com\\\/fanarts\\\/#primaryimage\"},\"image\":{\"@id\":\"https:\\\/\\\/kaithsrebels.com\\\/fanarts\\\/#primaryimage\"},\"thumbnailUrl\":\"https:\\\/\\\/kaithsrebels.com\\\/wp-content\\\/uploads\\\/2026\\\/01\\\/ChatGPT_Image_28_ene_2026_21_26_32.png\",\"datePublished\":\"2026-05-01T17:33:12+00:00\",\"dateModified\":\"2026-05-06T03:14:38+00:00\",\"description\":\"Explor\u00e1 el mural colaborativo de fanarts de Kaith\u2019s Rebels, donde la comunidad comparte ilustraciones y fotos con Kaith y la crew. S\u00famate, env\u00eda tu fanart y form\u00e1 parte de la leyenda rebelde!\",\"breadcrumb\":{\"@id\":\"https:\\\/\\\/kaithsrebels.com\\\/fanarts\\\/#breadcrumb\"},\"inLanguage\":\"en-US\",\"potentialAction\":[{\"@type\":\"ReadAction\",\"target\":[\"https:\\\/\\\/kaithsrebels.com\\\/fanarts\\\/\"]}]},{\"@type\":\"ImageObject\",\"inLanguage\":\"en-US\",\"@id\":\"https:\\\/\\\/kaithsrebels.com\\\/fanarts\\\/#primaryimage\",\"url\":\"https:\\\/\\\/kaithsrebels.com\\\/wp-content\\\/uploads\\\/2026\\\/01\\\/ChatGPT_Image_28_ene_2026_21_26_32.png\",\"contentUrl\":\"https:\\\/\\\/kaithsrebels.com\\\/wp-content\\\/uploads\\\/2026\\\/01\\\/ChatGPT_Image_28_ene_2026_21_26_32.png\",\"width\":1536,\"height\":1024},{\"@type\":\"BreadcrumbList\",\"@id\":\"https:\\\/\\\/kaithsrebels.com\\\/fanarts\\\/#breadcrumb\",\"itemListElement\":[{\"@type\":\"ListItem\",\"position\":1,\"name\":\"Inicio\",\"item\":\"https:\\\/\\\/kaithsrebels.com\\\/\"},{\"@type\":\"ListItem\",\"position\":2,\"name\":\"Fanarts\"}]},{\"@type\":\"WebSite\",\"@id\":\"https:\\\/\\\/kaithsrebels.com\\\/#website\",\"url\":\"https:\\\/\\\/kaithsrebels.com\\\/\",\"name\":\"Kaith's Rebels\",\"description\":\"Together we&#039;re invincible\",\"publisher\":{\"@id\":\"https:\\\/\\\/kaithsrebels.com\\\/#organization\"},\"potentialAction\":[{\"@type\":\"SearchAction\",\"target\":{\"@type\":\"EntryPoint\",\"urlTemplate\":\"https:\\\/\\\/kaithsrebels.com\\\/?s={search_term_string}\"},\"query-input\":{\"@type\":\"PropertyValueSpecification\",\"valueRequired\":true,\"valueName\":\"search_term_string\"}}],\"inLanguage\":\"en-US\"},{\"@type\":\"Organization\",\"@id\":\"https:\\\/\\\/kaithsrebels.com\\\/#organization\",\"name\":\"Kaith's Rebels\",\"url\":\"https:\\\/\\\/kaithsrebels.com\\\/\",\"logo\":{\"@type\":\"ImageObject\",\"inLanguage\":\"en-US\",\"@id\":\"https:\\\/\\\/kaithsrebels.com\\\/#\\\/schema\\\/logo\\\/image\\\/\",\"url\":\"https:\\\/\\\/kaithsrebels.com\\\/wp-content\\\/uploads\\\/2026\\\/02\\\/cropped-Logo200x200.png\",\"contentUrl\":\"https:\\\/\\\/kaithsrebels.com\\\/wp-content\\\/uploads\\\/2026\\\/02\\\/cropped-Logo200x200.png\",\"width\":512,\"height\":512,\"caption\":\"Kaith's Rebels\"},\"image\":{\"@id\":\"https:\\\/\\\/kaithsrebels.com\\\/#\\\/schema\\\/logo\\\/image\\\/\"}}]}<\/script>\n<!-- \/ Yoast SEO plugin. -->","yoast_head_json":{"title":"Fanarts - Kaith&#039;s Rebels","description":"Explor\u00e1 el mural colaborativo de fanarts de Kaith\u2019s Rebels, donde la comunidad comparte ilustraciones y fotos con Kaith y la crew. S\u00famate, env\u00eda tu fanart y form\u00e1 parte de la leyenda rebelde!","robots":{"index":"index","follow":"follow","max-snippet":"max-snippet:-1","max-image-preview":"max-image-preview:large","max-video-preview":"max-video-preview:-1"},"canonical":"https:\/\/kaithsrebels.com\/en\/fanarts\/","og_locale":"en_US","og_type":"article","og_title":"Fanarts - Kaith&#039;s Rebels","og_description":"Explor\u00e1 el mural colaborativo de fanarts de Kaith\u2019s Rebels, donde la comunidad comparte ilustraciones y fotos con Kaith y la crew. S\u00famate, env\u00eda tu fanart y form\u00e1 parte de la leyenda rebelde!","og_url":"https:\/\/kaithsrebels.com\/en\/fanarts\/","og_site_name":"Kaith&#039;s Rebels","article_modified_time":"2026-05-06T03:14:38+00:00","og_image":[{"width":1024,"height":683,"url":"https:\/\/kaithsrebels.com\/wp-content\/uploads\/2026\/01\/ChatGPT_Image_28_ene_2026_21_26_32-1024x683.png","type":"image\/png"}],"twitter_card":"summary_large_image","twitter_misc":{"Est. reading time":"1 minute"},"schema":{"@context":"https:\/\/schema.org","@graph":[{"@type":"WebPage","@id":"https:\/\/kaithsrebels.com\/fanarts\/","url":"https:\/\/kaithsrebels.com\/fanarts\/","name":"Fanarts - Kaith&#039;s Rebels","isPartOf":{"@id":"https:\/\/kaithsrebels.com\/#website"},"primaryImageOfPage":{"@id":"https:\/\/kaithsrebels.com\/fanarts\/#primaryimage"},"image":{"@id":"https:\/\/kaithsrebels.com\/fanarts\/#primaryimage"},"thumbnailUrl":"https:\/\/kaithsrebels.com\/wp-content\/uploads\/2026\/01\/ChatGPT_Image_28_ene_2026_21_26_32.png","datePublished":"2026-05-01T17:33:12+00:00","dateModified":"2026-05-06T03:14:38+00:00","description":"Explor\u00e1 el mural colaborativo de fanarts de Kaith\u2019s Rebels, donde la comunidad comparte ilustraciones y fotos con Kaith y la crew. S\u00famate, env\u00eda tu fanart y form\u00e1 parte de la leyenda rebelde!","breadcrumb":{"@id":"https:\/\/kaithsrebels.com\/fanarts\/#breadcrumb"},"inLanguage":"en-US","potentialAction":[{"@type":"ReadAction","target":["https:\/\/kaithsrebels.com\/fanarts\/"]}]},{"@type":"ImageObject","inLanguage":"en-US","@id":"https:\/\/kaithsrebels.com\/fanarts\/#primaryimage","url":"https:\/\/kaithsrebels.com\/wp-content\/uploads\/2026\/01\/ChatGPT_Image_28_ene_2026_21_26_32.png","contentUrl":"https:\/\/kaithsrebels.com\/wp-content\/uploads\/2026\/01\/ChatGPT_Image_28_ene_2026_21_26_32.png","width":1536,"height":1024},{"@type":"BreadcrumbList","@id":"https:\/\/kaithsrebels.com\/fanarts\/#breadcrumb","itemListElement":[{"@type":"ListItem","position":1,"name":"Inicio","item":"https:\/\/kaithsrebels.com\/"},{"@type":"ListItem","position":2,"name":"Fanarts"}]},{"@type":"WebSite","@id":"https:\/\/kaithsrebels.com\/#website","url":"https:\/\/kaithsrebels.com\/","name":"Kaith's Rebels","description":"Together we&#039;re invincible","publisher":{"@id":"https:\/\/kaithsrebels.com\/#organization"},"potentialAction":[{"@type":"SearchAction","target":{"@type":"EntryPoint","urlTemplate":"https:\/\/kaithsrebels.com\/?s={search_term_string}"},"query-input":{"@type":"PropertyValueSpecification","valueRequired":true,"valueName":"search_term_string"}}],"inLanguage":"en-US"},{"@type":"Organization","@id":"https:\/\/kaithsrebels.com\/#organization","name":"Kaith's Rebels","url":"https:\/\/kaithsrebels.com\/","logo":{"@type":"ImageObject","inLanguage":"en-US","@id":"https:\/\/kaithsrebels.com\/#\/schema\/logo\/image\/","url":"https:\/\/kaithsrebels.com\/wp-content\/uploads\/2026\/02\/cropped-Logo200x200.png","contentUrl":"https:\/\/kaithsrebels.com\/wp-content\/uploads\/2026\/02\/cropped-Logo200x200.png","width":512,"height":512,"caption":"Kaith's Rebels"},"image":{"@id":"https:\/\/kaithsrebels.com\/#\/schema\/logo\/image\/"}}]}},"_hostinger_reach_plugin_has_subscription_block":false,"_hostinger_reach_plugin_is_elementor":false,"_links":{"self":[{"href":"https:\/\/kaithsrebels.com\/en\/wp-json\/wp\/v2\/pages\/5035","targetHints":{"allow":["GET"]}}],"collection":[{"href":"https:\/\/kaithsrebels.com\/en\/wp-json\/wp\/v2\/pages"}],"about":[{"href":"https:\/\/kaithsrebels.com\/en\/wp-json\/wp\/v2\/types\/page"}],"author":[{"embeddable":true,"href":"https:\/\/kaithsrebels.com\/en\/wp-json\/wp\/v2\/users\/1"}],"replies":[{"embeddable":true,"href":"https:\/\/kaithsrebels.com\/en\/wp-json\/wp\/v2\/comments?post=5035"}],"version-history":[{"count":14,"href":"https:\/\/kaithsrebels.com\/en\/wp-json\/wp\/v2\/pages\/5035\/revisions"}],"predecessor-version":[{"id":5488,"href":"https:\/\/kaithsrebels.com\/en\/wp-json\/wp\/v2\/pages\/5035\/revisions\/5488"}],"wp:featuredmedia":[{"embeddable":true,"href":"https:\/\/kaithsrebels.com\/en\/wp-json\/wp\/v2\/media\/3918"}],"wp:attachment":[{"href":"https:\/\/kaithsrebels.com\/en\/wp-json\/wp\/v2\/media?parent=5035"}],"curies":[{"name":"wp","href":"https:\/\/api.w.org\/{rel}","templated":true}]}}